{"id":8664,"date":"2020-04-23T15:24:40","date_gmt":"2020-04-23T15:24:40","guid":{"rendered":"http:\/\/b9kxc4i.myraidbox.de\/brows-beauty-copy\/"},"modified":"2025-09-25T13:17:02","modified_gmt":"2025-09-25T13:17:02","slug":"ueber-uns","status":"publish","type":"page","link":"https:\/\/horus-aesthetics.com\/dein-kosmetikstudio-in-schaffhausen\/ueber-uns\/","title":{"rendered":"\u00dcber uns"},"content":{"rendered":"<section class=\"l-section wpb_row height_custom color_primary with_img parallax_hor bgwidth_110 with_overlay\"><div class=\"l-section-img\" style=\"background-image: url(https:\/\/horus-aesthetics.com\/wp-content\/uploads\/2020\/10\/banner-3.jpg);background-repeat: no-repeat;\" data-img-width=\"2100\" data-img-height=\"1000\"><\/div><div class=\"l-section-overlay\" style=\"background: rgba(2,2,2,0.67)\"><\/div><div class=\"l-section-h i-cf\"><div class=\"g-cols vc_row type_default valign_top gap-70px\"><style>.g-cols.gap-70px{margin:0 calc(-1.5rem - 70px)}.gap-70px > .vc_column_container {padding:70px}<\/style><div class=\"vc_col-sm-12 wpb_column vc_column_container\"><div class=\"vc_column-inner\"><div class=\"wpb_wrapper\"><div class=\"wpb_text_column\" ><div class=\"wpb_wrapper\"><h1 style=\"text-align: center;\">\u00dcBER UNS<\/h1>\n<\/div><\/div><div class=\"w-separator size_small\"><\/div><div class=\"w-iconbox iconpos_top style_default color_custom align_center no_title no_text\"><a href=\"#about\" class=\"w-iconbox-link\" aria-label=\"far|chevron-down\"><div class=\"w-iconbox-icon\" style=\"font-size:3rem;color:#ffffff;\"><i class=\"far fa-chevron-down\"><\/i><\/div><\/a><div class=\"w-iconbox-meta\"><\/div><\/div><\/div><\/div><\/div><\/div><\/div><\/section><section class=\"l-section wpb_row height_custom\" id=\"about\"><div class=\"l-section-h i-cf\"><div class=\"g-cols vc_row type_default valign_top\"><div class=\"vc_col-sm-12 wpb_column vc_column_container\"><div class=\"vc_column-inner\"><div class=\"wpb_wrapper\"><div class=\"w-separator size_medium\"><\/div><div class=\"wpb_text_column\" ><div class=\"wpb_wrapper\"><h3 data-start=\"218\" data-end=\"230\"><strong data-start=\"218\" data-end=\"230\">\u00dcber uns<\/strong><\/h3>\n<p data-start=\"232\" data-end=\"514\">Bei <strong data-start=\"236\" data-end=\"256\">HORUS Aesthetics<\/strong> dreht sich alles um deine nat\u00fcrliche Sch\u00f6nheit \u2013 professionell betont, individuell abgestimmt und mit viel Liebe zum Detail umgesetzt. Dabei ist es unser Ziel, dir zu helfen, dich in deiner Haut rundum wohlzuf\u00fchlen und dein Selbstbewusstsein zu st\u00e4rken.<\/p>\n<p data-start=\"516\" data-end=\"1079\">Deshalb bieten wir eine breite Palette an Leistungen an: Unsere Spezialisierungen umfassen <strong data-start=\"611\" data-end=\"632\">Permanent Make-up<\/strong>, <strong data-start=\"634\" data-end=\"657\">Lash- &amp; Browlifting<\/strong>, <strong data-start=\"659\" data-end=\"676\">Microneedling<\/strong>, <strong data-start=\"678\" data-end=\"692\">Hennabrows<\/strong>, <strong data-start=\"694\" data-end=\"715\">Wimpernextensions<\/strong> sowie <strong data-start=\"722\" data-end=\"750\">Braut- und Event-Make-up<\/strong>. Ganz gleich, ob f\u00fcr den Alltag oder einen besonderen Anlass \u2013 wir schaffen Looks, die deine Pers\u00f6nlichkeit unterstreichen und lange in Erinnerung bleiben. Gerade an deinem Hochzeitstag sorgen wir mit professionellem Brautstyling f\u00fcr einen strahlenden Auftritt, der deine nat\u00fcrliche Sch\u00f6nheit perfekt zur Geltung bringt.<\/p>\n<p data-start=\"1081\" data-end=\"1377\">Dar\u00fcber hinaus garantieren unsere fundierten Ausbildungen an der renommierten Phi Academy h\u00f6chste Qualit\u00e4t, Pr\u00e4zision und ein sicheres Gesp\u00fcr f\u00fcr \u00c4sthetik und aktuelle Trends. Denn bei HORUS Aesthetics verbinden wir Fachwissen mit echter Leidenschaft \u2013 f\u00fcr Ergebnisse, die begeistern.<\/p>\n<p data-start=\"1379\" data-end=\"1487\">Wir freuen uns darauf, dich pers\u00f6nlich kennenzulernen und gemeinsam deinen Wunsch-Look zu verwirklichen.<\/p>\n<p data-start=\"1489\" data-end=\"1528\"><strong data-start=\"1489\" data-end=\"1508\">Dein HORUS-Team<\/strong><br data-start=\"1508\" data-end=\"1511\" \/>Nicole H\u00e4usermann<\/p>\n<\/div><\/div><div class=\"w-separator size_medium\"><\/div><div class=\"w-image style_shadow-1 align_center animate_afb\" style=\"animation-delay:0.9s\"><div class=\"w-image-h\"><img loading=\"lazy\" decoding=\"async\" width=\"506\" height=\"600\" src=\"data:image\/svg+xml,%3Csvg xmlns=%22http:\/\/www.w3.org\/2000\/svg%22 viewBox=%220 0 506 600%22%3E%3C\/svg%3E\" data-lazy-type=\"image\" data-src=\"https:\/\/horus-aesthetics.com\/wp-content\/uploads\/2025\/09\/Ueber-uns-506x600.jpg\" class=\"lazy lazy-hidden attachment-us_600_600 size-us_600_600\" alt=\"\" srcset=\"\" data-srcset=\"https:\/\/horus-aesthetics.com\/wp-content\/uploads\/2025\/09\/Ueber-uns-506x600.jpg 506w, https:\/\/horus-aesthetics.com\/wp-content\/uploads\/2025\/09\/Ueber-uns-253x300.jpg 253w, https:\/\/horus-aesthetics.com\/wp-content\/uploads\/2025\/09\/Ueber-uns-863x1024.jpg 863w, https:\/\/horus-aesthetics.com\/wp-content\/uploads\/2025\/09\/Ueber-uns.jpg 1179w\" sizes=\"auto, (max-width: 506px) 100vw, 506px\" \/><\/div><\/div><div class=\"w-tabs layout_hor style_trendy switch_click icon_chevron iconpos_right title_atleft\"><div class=\"w-tabs-list hidden items_2 stretch\" style=\"font-family:&#039;Lato&#039;, sans-serif;font-size:1.8rem;\"><div class=\"w-tabs-list-h\"><a class=\"w-tabs-item active\" aria-controls=\"content-works\" href=\"javascript:void(0);\"><span class=\"w-tabs-item-title\">Works<\/span><\/a><a class=\"w-tabs-item\" aria-controls=\"content-socials\" href=\"javascript:void(0);\"><span class=\"w-tabs-item-title\">Socials<\/span><\/a><\/div><\/div><div class=\"w-tabs-sections\"><div class=\"w-tabs-sections-h\"><div class=\"w-tabs-section no_indents active\" id=\"works\"><button class=\"w-tabs-section-header active\" style=\"font-size:1.8rem;\" aria-controls=\"content-works\"><div class=\"w-tabs-section-header-h\"><div class=\"w-tabs-section-title\">Works<\/div><div class=\"w-tabs-section-control\"><\/div><\/div><\/button><div class=\"w-tabs-section-content\" id=\"content-works\" aria-expanded=\"true\"><div class=\"w-tabs-section-content-h i-cf\"><div class=\"w-slider style_none fit_scaledown\"><div class=\"w-slider-h\"><div class=\"royalSlider\"><div class=\"rsContent\"><a class=\"rsImg\" data-rsw=\"338\" data-rsh=\"600\" href=\"https:\/\/horus-aesthetics.com\/wp-content\/uploads\/2023\/02\/DC158C70-9125-46FF-B059-AD25CB0B339A.jpeg\"><span data-alt=\"\"><\/span><\/a><\/div><div class=\"rsContent\"><a class=\"rsImg\" data-rsw=\"514\" data-rsh=\"600\" href=\"https:\/\/horus-aesthetics.com\/wp-content\/uploads\/2025\/09\/thumbnail_A628AAD2-B5B5-4588-8399-9A02973AEDB5-514x600.jpg\"><span data-alt=\"\"><\/span><\/a><\/div><div class=\"rsContent\"><a class=\"rsImg\" data-rsw=\"450\" data-rsh=\"600\" href=\"https:\/\/horus-aesthetics.com\/wp-content\/uploads\/2025\/07\/thumbnail_IMG_2086-450x600.jpg\"><span data-alt=\"\"><\/span><\/a><\/div><div class=\"rsContent\"><a class=\"rsImg\" data-rsw=\"426\" data-rsh=\"600\" href=\"https:\/\/horus-aesthetics.com\/wp-content\/uploads\/2025\/07\/IMG_2271-426x600.jpeg\"><span data-alt=\"\"><\/span><\/a><\/div><div class=\"rsContent\"><a class=\"rsImg\" data-rsw=\"600\" data-rsh=\"600\" href=\"https:\/\/horus-aesthetics.com\/wp-content\/uploads\/2025\/09\/thumbnail_D764F862-6AFA-49E6-B03C-D2EF97D57690-600x600.jpg\"><span data-alt=\"\"><\/span><\/a><\/div><div class=\"rsContent\"><a class=\"rsImg\" data-rsw=\"450\" data-rsh=\"600\" href=\"https:\/\/horus-aesthetics.com\/wp-content\/uploads\/2025\/01\/Bild-2-scaled.jpg\"><span data-alt=\"\"><\/span><\/a><\/div><div class=\"rsContent\"><a class=\"rsImg\" data-rsw=\"338\" data-rsh=\"600\" href=\"https:\/\/horus-aesthetics.com\/wp-content\/uploads\/2023\/02\/1ADBF667-7EFF-47FA-BA10-1FE5DE6400E3.jpeg\"><span data-alt=\"\"><\/span><\/a><\/div><div class=\"rsContent\"><a class=\"rsImg\" data-rsw=\"450\" data-rsh=\"600\" href=\"https:\/\/horus-aesthetics.com\/wp-content\/uploads\/2020\/10\/175D1825-1124-45CC-BE3C-A8B29D111541-2-scaled.jpeg\"><span data-alt=\"\"><\/span><\/a><\/div><div class=\"rsContent\"><a class=\"rsImg\" data-rsw=\"450\" data-rsh=\"600\" href=\"https:\/\/horus-aesthetics.com\/wp-content\/uploads\/2025\/07\/IMG_1956-450x600.jpeg\"><span data-alt=\"\"><\/span><\/a><\/div><div class=\"rsContent\"><a class=\"rsImg\" data-rsw=\"600\" data-rsh=\"593\" href=\"https:\/\/horus-aesthetics.com\/wp-content\/uploads\/2021\/11\/7A587722-B834-4BE8-8D41-38334B6B5B78.jpeg\"><span data-alt=\"\"><\/span><\/a><\/div><div class=\"rsContent\"><a class=\"rsImg\" data-rsw=\"338\" data-rsh=\"600\" href=\"https:\/\/horus-aesthetics.com\/wp-content\/uploads\/2021\/08\/69AE2338-54A8-4C0E-838C-0C8E53DCBF4B.jpeg\"><span data-alt=\"\"><\/span><\/a><\/div><div class=\"rsContent\"><a class=\"rsImg\" data-rsw=\"600\" data-rsh=\"534\" href=\"https:\/\/horus-aesthetics.com\/wp-content\/uploads\/2021\/11\/C0DB5D87-A8C8-44DC-8D43-10CA3D1F35E0.jpeg\"><span data-alt=\"\"><\/span><\/a><\/div><div class=\"rsContent\"><a class=\"rsImg\" data-rsw=\"440\" data-rsh=\"600\" href=\"https:\/\/horus-aesthetics.com\/wp-content\/uploads\/2025\/09\/thumbnail_IMG_3233-440x600.jpg\"><span data-alt=\"\"><\/span><\/a><\/div><div class=\"rsContent\"><a class=\"rsImg\" data-rsw=\"472\" data-rsh=\"600\" href=\"https:\/\/horus-aesthetics.com\/wp-content\/uploads\/2023\/02\/C50C5B59-3A03-4526-942B-A6709850F189-scaled.jpeg\"><span data-alt=\"\"><\/span><\/a><\/div><div class=\"rsContent\"><a class=\"rsImg\" data-rsw=\"600\" data-rsh=\"593\" href=\"https:\/\/horus-aesthetics.com\/wp-content\/uploads\/2021\/11\/4F74BEA1-28DA-413B-AF5C-8BA9943DEC4F.jpeg\"><span data-alt=\"\"><\/span><\/a><\/div><div class=\"rsContent\"><a class=\"rsImg\" data-rsw=\"478\" data-rsh=\"600\" href=\"https:\/\/horus-aesthetics.com\/wp-content\/uploads\/2021\/11\/F84267D9-D177-4209-A74A-2A56193AC7C5.jpeg\"><span data-alt=\"\"><\/span><\/a><\/div><div class=\"rsContent\"><a class=\"rsImg\" data-rsw=\"529\" data-rsh=\"600\" href=\"https:\/\/horus-aesthetics.com\/wp-content\/uploads\/2021\/11\/6C1D238E-C0A5-4406-B528-F65746F5D785.jpeg\"><span data-alt=\"\"><\/span><\/a><\/div><div class=\"rsContent\"><a class=\"rsImg\" data-rsw=\"481\" data-rsh=\"600\" href=\"https:\/\/horus-aesthetics.com\/wp-content\/uploads\/2021\/11\/69A146B7-4CFE-45C1-9CD5-BDDA55B61880.jpeg\"><span data-alt=\"\"><\/span><\/a><\/div><div class=\"rsContent\"><a class=\"rsImg\" data-rsw=\"403\" data-rsh=\"600\" href=\"https:\/\/horus-aesthetics.com\/wp-content\/uploads\/2020\/10\/IMG_7481.jpg\"><span data-alt=\"\"><\/span><\/a><\/div><div class=\"rsContent\"><a class=\"rsImg\" data-rsw=\"600\" data-rsh=\"400\" href=\"https:\/\/horus-aesthetics.com\/wp-content\/uploads\/2020\/10\/IMG_0717-scaled.jpg\"><span data-alt=\"\"><\/span><\/a><\/div><div class=\"rsContent\"><a class=\"rsImg\" data-rsw=\"450\" data-rsh=\"600\" href=\"https:\/\/horus-aesthetics.com\/wp-content\/uploads\/2021\/08\/3CE44845-1C41-4665-8365-38A6E8103510-scaled.jpeg\"><span data-alt=\"\"><\/span><\/a><\/div><div class=\"rsContent\"><a class=\"rsImg\" data-rsw=\"515\" data-rsh=\"600\" href=\"https:\/\/horus-aesthetics.com\/wp-content\/uploads\/2021\/08\/01E16261-E3AA-454F-8810-83C6B7E3323B-scaled.jpeg\"><span data-alt=\"\"><\/span><\/a><\/div><div class=\"rsContent\"><a class=\"rsImg\" data-rsw=\"480\" data-rsh=\"600\" href=\"https:\/\/horus-aesthetics.com\/wp-content\/uploads\/2025\/01\/Bild1.jpg\"><span data-alt=\"\"><\/span><\/a><\/div><div class=\"rsContent\"><a class=\"rsImg\" data-rsw=\"400\" data-rsh=\"600\" href=\"https:\/\/horus-aesthetics.com\/wp-content\/uploads\/2025\/09\/Make-Up-400x600.jpg\"><span data-alt=\"\"><\/span><\/a><\/div><\/div><img class=\"lazy lazy-hidden\" loading=\"lazy\" decoding=\"async\" src=\"data:image\/svg+xml,%3Csvg xmlns=%22http:\/\/www.w3.org\/2000\/svg%22 viewBox=%220 0 338 600%22%3E%3C\/svg%3E\" data-lazy-type=\"image\" data-src=\"https:\/\/horus-aesthetics.com\/wp-content\/uploads\/2023\/02\/DC158C70-9125-46FF-B059-AD25CB0B339A.jpeg\" width=\"338\" height=\"600\" alt><\/div><div class=\"w-slider-json\" onclick='return {&quot;loop&quot;:true,&quot;fadeInLoadedSlide&quot;:false,&quot;slidesSpacing&quot;:0,&quot;imageScalePadding&quot;:0,&quot;numImagesToPreload&quot;:2,&quot;arrowsNav&quot;:true,&quot;arrowsNavAutoHide&quot;:false,&quot;transitionType&quot;:&quot;move&quot;,&quot;transitionSpeed&quot;:300,&quot;block&quot;:{&quot;moveEffect&quot;:&quot;none&quot;,&quot;speed&quot;:300},&quot;controlNavigation&quot;:&quot;none&quot;,&quot;imageScaleMode&quot;:&quot;fit-if-smaller&quot;,&quot;autoScaleSlider&quot;:true,&quot;autoScaleSliderWidth&quot;:338,&quot;autoScaleSliderHeight&quot;:600,&quot;fitInViewport&quot;:false}'><\/div><\/div><\/div><\/div><\/div><div class=\"w-tabs-section\" id=\"socials\"><button class=\"w-tabs-section-header\" style=\"font-size:1.8rem;\" aria-controls=\"content-socials\"><div class=\"w-tabs-section-header-h\"><div class=\"w-tabs-section-title\">Socials<\/div><div class=\"w-tabs-section-control\"><\/div><\/div><\/button><div class=\"w-tabs-section-content\" id=\"content-socials\" aria-expanded=\"false\"><div class=\"w-tabs-section-content-h i-cf\"><div class=\"w-socials us_custom_beb4637b color_brand shape_square style_default hover_fade\"><div class=\"w-socials-list\"><div class=\"w-socials-item instagram\"><a class=\"w-socials-item-link\" rel=\"noopener nofollow\" target=\"_blank\" href=\"https:\/\/www.instagram.com\/horus_aesthetics\/\" title=\"Instagram\" aria-label=\"Instagram\"><span class=\"w-socials-item-link-hover\"><\/span><\/a><div class=\"w-socials-item-popup\"><span>Instagram<\/span><\/div><\/div><div class=\"w-socials-item s500px\"><a class=\"w-socials-item-link\" rel=\"noopener nofollow\" target=\"_blank\" href=\"\" title=\"500px\" aria-label=\"500px\"><span class=\"w-socials-item-link-hover\"><\/span><\/a><div class=\"w-socials-item-popup\"><span>500px<\/span><\/div><\/div><\/div><\/div><\/div><\/div><\/div><\/div><\/div><\/div><\/div><\/div><\/div><\/div><\/div><\/section>\n","protected":false},"excerpt":{"rendered":"\u00dcBER UNS \u00dcber uns Bei HORUS Aesthetics dreht sich alles um deine nat\u00fcrliche Sch\u00f6nheit \u2013 professionell betont, individuell abgestimmt und mit viel Liebe zum Detail umgesetzt. Dabei ist es unser Ziel, dir zu helfen, dich in deiner Haut rundum wohlzuf\u00fchlen und dein Selbstbewusstsein zu st\u00e4rken. Deshalb bieten wir eine breite Palette an Leistungen an: Unsere...","protected":false},"author":6,"featured_media":0,"parent":0,"menu_order":0,"comment_status":"closed","ping_status":"closed","template":"","meta":{"_acf_changed":false,"footnotes":""},"class_list":["post-8664","page","type-page","status-publish","hentry"],"acf":[],"aioseo_notices":[],"_links":{"self":[{"href":"https:\/\/horus-aesthetics.com\/dein-kosmetikstudio-in-schaffhausen\/wp-json\/wp\/v2\/pages\/8664","targetHints":{"allow":["GET"]}}],"collection":[{"href":"https:\/\/horus-aesthetics.com\/dein-kosmetikstudio-in-schaffhausen\/wp-json\/wp\/v2\/pages"}],"about":[{"href":"https:\/\/horus-aesthetics.com\/dein-kosmetikstudio-in-schaffhausen\/wp-json\/wp\/v2\/types\/page"}],"author":[{"embeddable":true,"href":"https:\/\/horus-aesthetics.com\/dein-kosmetikstudio-in-schaffhausen\/wp-json\/wp\/v2\/users\/6"}],"replies":[{"embeddable":true,"href":"https:\/\/horus-aesthetics.com\/dein-kosmetikstudio-in-schaffhausen\/wp-json\/wp\/v2\/comments?post=8664"}],"version-history":[{"count":115,"href":"https:\/\/horus-aesthetics.com\/dein-kosmetikstudio-in-schaffhausen\/wp-json\/wp\/v2\/pages\/8664\/revisions"}],"predecessor-version":[{"id":11367,"href":"https:\/\/horus-aesthetics.com\/dein-kosmetikstudio-in-schaffhausen\/wp-json\/wp\/v2\/pages\/8664\/revisions\/11367"}],"wp:attachment":[{"href":"https:\/\/horus-aesthetics.com\/dein-kosmetikstudio-in-schaffhausen\/wp-json\/wp\/v2\/media?parent=8664"}],"curies":[{"name":"wp","href":"https:\/\/api.w.org\/{rel}","templated":true}]}}