{"id":1352,"date":"2013-09-04T12:10:33","date_gmt":"2013-09-04T12:10:33","guid":{"rendered":"http:\/\/impreza.us-themes.net\/home-parallax\/"},"modified":"2026-01-19T12:44:20","modified_gmt":"2026-01-19T12:44:20","slug":"startseite","status":"publish","type":"page","link":"https:\/\/horus-aesthetics.com\/dein-kosmetikstudio-in-schaffhausen\/","title":{"rendered":"Startseite"},"content":{"rendered":"<section class=\"l-section wpb_row height_custom\"><div class=\"l-section-h i-cf\"><div class=\"g-cols vc_row type_default valign_top\"><div class=\"vc_col-sm-12 wpb_column vc_column_container animate_afb\" style=\"animation-delay:0.4s\"><div class=\"vc_column-inner\"><div class=\"wpb_wrapper\"><div class=\"w-image align_center animate_afc\"><div class=\"w-image-h\"><img loading=\"lazy\" decoding=\"async\" width=\"1178\" height=\"782\" src=\"data:image\/svg+xml,%3Csvg xmlns=%22http:\/\/www.w3.org\/2000\/svg%22 viewBox=%220 0 1178 782%22%3E%3C\/svg%3E\" data-lazy-type=\"image\" data-src=\"https:\/\/horus-aesthetics.com\/wp-content\/uploads\/2025\/09\/Studio.jpg\" class=\"lazy lazy-hidden attachment-full size-full\" alt=\"\" srcset=\"\" data-srcset=\"https:\/\/horus-aesthetics.com\/wp-content\/uploads\/2025\/09\/Studio.jpg 1178w, https:\/\/horus-aesthetics.com\/wp-content\/uploads\/2025\/09\/Studio-300x199.jpg 300w, https:\/\/horus-aesthetics.com\/wp-content\/uploads\/2025\/09\/Studio-1024x680.jpg 1024w, https:\/\/horus-aesthetics.com\/wp-content\/uploads\/2025\/09\/Studio-600x398.jpg 600w\" sizes=\"auto, (max-width: 1178px) 100vw, 1178px\" \/><\/div><\/div><div class=\"w-separator size_medium\"><\/div><div class=\"w-separator size_medium\"><\/div><div class=\"w-btn-wrapper width_auto align_center\"><a class=\"w-btn us-btn-style_28 us_custom_d948fb95\" target=\"_blank\" href=\"https:\/\/app.acuityscheduling.com\/schedule.php?owner=21065660\" rel=\"noopener\"><span class=\"w-btn-label\">Terminbuchung<\/span><\/a><\/div><div class=\"w-separator size_medium\"><\/div><div class=\"w-separator size_medium\"><\/div><div class=\"wpb_text_column\" ><div class=\"wpb_wrapper\"><h2 style=\"text-align: center;\">BEHANDLUNGEN IM \u00dcBERBLICK<\/h2>\n<\/div><\/div><div class=\"w-separator size_medium\"><\/div><div class=\"g-cols wpb_row  us_custom_92b8a6f6 type_default valign_top vc_inner\"><div class=\"vc_col-sm-6 wpb_column vc_column_container animate_afb\" style=\"animation-delay:0.5s\"><div class=\"vc_column-inner\"><div class=\"wpb_wrapper\"><div class=\"w-ibanner us_custom_5fdf17af animation_phorcys ratio_3x2 easing_ease\"><div class=\"w-ibanner-h\"><div class=\"w-ibanner-image\" style=\"background-image: url(https:\/\/horus-aesthetics.com\/wp-content\/uploads\/2025\/09\/IMG_3620-683x1024.jpeg)\"><\/div><div class=\"w-ibanner-content\"><div class=\"w-ibanner-content-h\"><h5 class=\"w-ibanner-title\"><strong>BRAUT- &amp; EVENT MAKE UP<\/strong><\/h5><div class=\"w-ibanner-desc\"><\/div><\/div><\/div><\/div><a href=\"https:\/\/horus-aesthetics.com\/dein-kosmetikstudio-in-schaffhausen\/brautstyling\/\" aria-label=\"BRAUT- &amp; EVENT MAKE UP\"><\/a><\/div><div class=\"w-separator size_medium\"><\/div><div class=\"w-ibanner us_custom_5fdf17af animation_phorcys ratio_3x2 easing_ease\"><div class=\"w-ibanner-h\"><div class=\"w-ibanner-image\" style=\"background-image: url(https:\/\/horus-aesthetics.com\/wp-content\/uploads\/2024\/03\/Microblading-1024x733.jpg)\"><\/div><div class=\"w-ibanner-content\"><div class=\"w-ibanner-content-h\"><h5 class=\"w-ibanner-title\"><strong>PERMANENT MAKE UP<\/strong><\/h5><div class=\"w-ibanner-desc\"><\/div><\/div><\/div><\/div><a href=\"https:\/\/horus-aesthetics.com\/behandlungen\/\" aria-label=\"PERMANENT MAKE UP\"><\/a><\/div><div class=\"w-separator size_medium\"><\/div><div class=\"w-ibanner us_custom_5fdf17af animation_phorcys ratio_3x2 easing_ease\"><div class=\"w-ibanner-h\"><div class=\"w-ibanner-image\" style=\"background-image: url(https:\/\/horus-aesthetics.com\/wp-content\/uploads\/2024\/03\/Lashlifting_Auge1-1-1024x1013.jpg)\"><\/div><div class=\"w-ibanner-content\"><div class=\"w-ibanner-content-h\"><h5 class=\"w-ibanner-title\"><strong>WIMPERNLIFTING<\/strong><\/h5><div class=\"w-ibanner-desc\"><\/div><\/div><\/div><\/div><a href=\"https:\/\/horus-aesthetics.com\/behandlungen\/\" aria-label=\"WIMPERNLIFTING\"><\/a><\/div><div class=\"w-separator size_medium\"><\/div><div class=\"w-ibanner us_custom_5fdf17af animation_phorcys ratio_3x2 easing_ease\"><div class=\"w-ibanner-h\"><div class=\"w-ibanner-image\" style=\"background-image: url(https:\/\/horus-aesthetics.com\/wp-content\/uploads\/2024\/03\/Gesichtsbehandlung-683x1024.jpg)\"><\/div><div class=\"w-ibanner-content\"><div class=\"w-ibanner-content-h\"><h5 class=\"w-ibanner-title\"><strong>GESICHTSBEHANDLUNG<\/strong><\/h5><div class=\"w-ibanner-desc\"><\/div><\/div><\/div><\/div><a href=\"https:\/\/horus-aesthetics.com\/behandlungen\/\" aria-label=\"GESICHTSBEHANDLUNG\"><\/a><\/div><div class=\"w-separator size_medium\"><\/div><div class=\"w-ibanner us_custom_5fdf17af animation_phorcys ratio_3x2 easing_ease\"><div class=\"w-ibanner-h\"><div class=\"w-ibanner-image\" style=\"background-image: url(https:\/\/horus-aesthetics.com\/wp-content\/uploads\/2021\/11\/C0CF4DC5-4C2D-420F-B637-4CA90352FC2C.jpeg)\"><\/div><div class=\"w-ibanner-content\"><div class=\"w-ibanner-content-h\"><h5 class=\"w-ibanner-title\"><strong>MANIK\u00dcRE\/PEDIK\u00dcRE<\/strong><\/h5><div class=\"w-ibanner-desc\"><\/div><\/div><\/div><\/div><a href=\"https:\/\/horus-aesthetics.com\/behandlungen\/\" aria-label=\"MANIK\u00dcRE\/PEDIK\u00dcRE\"><\/a><\/div><\/div><\/div><\/div><div class=\"vc_col-sm-6 wpb_column vc_column_container animate_afb\" style=\"animation-delay:0.5s\"><div class=\"vc_column-inner\"><div class=\"wpb_wrapper\"><div class=\"w-ibanner us_custom_5fdf17af animation_phorcys ratio_3x2 easing_ease\"><div class=\"w-ibanner-h\"><div class=\"w-ibanner-image\" style=\"background-image: url(https:\/\/horus-aesthetics.com\/wp-content\/uploads\/2024\/03\/Lashextensions.jpg)\"><\/div><div class=\"w-ibanner-content\"><div class=\"w-ibanner-content-h\"><h5 class=\"w-ibanner-title\"><strong>WIMPERNVERL\u00c4NGERUNG<\/strong><\/h5><div class=\"w-ibanner-desc\"><\/div><\/div><\/div><\/div><a href=\"https:\/\/horus-aesthetics.com\/behandlungen\/\" aria-label=\"WIMPERNVERL\u00c4NGERUNG\"><\/a><\/div><div class=\"w-separator size_medium\"><\/div><div class=\"w-ibanner us_custom_5fdf17af animation_phorcys ratio_3x2 easing_ease\"><div class=\"w-ibanner-h\"><div class=\"w-ibanner-image\" style=\"background-image: url(https:\/\/horus-aesthetics.com\/wp-content\/uploads\/2024\/03\/Hennabrows.jpg)\"><\/div><div class=\"w-ibanner-content\"><div class=\"w-ibanner-content-h\"><h5 class=\"w-ibanner-title\"><strong>HENNA BROWS<\/strong><\/h5><div class=\"w-ibanner-desc\"><\/div><\/div><\/div><\/div><a href=\"https:\/\/horus-aesthetics.com\/behandlungen\/\" aria-label=\"HENNA BROWS\"><\/a><\/div><div class=\"w-separator size_medium\"><\/div><div class=\"w-ibanner us_custom_5fdf17af animation_phorcys ratio_3x2 easing_ease\"><div class=\"w-ibanner-h\"><div class=\"w-ibanner-image\" style=\"background-image: url(https:\/\/horus-aesthetics.com\/wp-content\/uploads\/2024\/03\/Browlifting.jpg)\"><\/div><div class=\"w-ibanner-content\"><div class=\"w-ibanner-content-h\"><h5 class=\"w-ibanner-title\"><strong>AUGENBRAUENLIFTING<\/strong><\/h5><div class=\"w-ibanner-desc\"><\/div><\/div><\/div><\/div><a href=\"https:\/\/horus-aesthetics.com\/behandlungen\/\" aria-label=\"AUGENBRAUENLIFTING\"><\/a><\/div><\/div><\/div><\/div><\/div><div class=\"w-separator size_medium\"><\/div><div class=\"w-separator size_medium\"><\/div><div class=\"w-btn-wrapper width_auto align_center\"><a class=\"w-btn us-btn-style_1 icon_atright\" href=\"https:\/\/horus-aesthetics.com\/behandlungen\/\"><span class=\"w-btn-label\">ALLE BEHANDLUNGEN IM \u00dcBERBLICK<\/span><i class=\"fas fa-chevron-right\"><\/i><\/a><\/div><\/div><\/div><\/div><\/div><\/div><\/section>\n","protected":false},"excerpt":{"rendered":"TerminbuchungBEHANDLUNGEN IM \u00dcBERBLICK BRAUT- &amp; EVENT MAKE UPPERMANENT MAKE UPWIMPERNLIFTINGGESICHTSBEHANDLUNGMANIK\u00dcRE\/PEDIK\u00dcREWIMPERNVERL\u00c4NGERUNGHENNA BROWSAUGENBRAUENLIFTINGALLE BEHANDLUNGEN IM \u00dcBERBLICK","protected":false},"author":6,"featured_media":0,"parent":0,"menu_order":0,"comment_status":"closed","ping_status":"open","template":"","meta":{"_acf_changed":false,"footnotes":""},"class_list":["post-1352","page","type-page","status-publish","hentry"],"acf":[],"aioseo_notices":[],"_links":{"self":[{"href":"https:\/\/horus-aesthetics.com\/dein-kosmetikstudio-in-schaffhausen\/wp-json\/wp\/v2\/pages\/1352","targetHints":{"allow":["GET"]}}],"collection":[{"href":"https:\/\/horus-aesthetics.com\/dein-kosmetikstudio-in-schaffhausen\/wp-json\/wp\/v2\/pages"}],"about":[{"href":"https:\/\/horus-aesthetics.com\/dein-kosmetikstudio-in-schaffhausen\/wp-json\/wp\/v2\/types\/page"}],"author":[{"embeddable":true,"href":"https:\/\/horus-aesthetics.com\/dein-kosmetikstudio-in-schaffhausen\/wp-json\/wp\/v2\/users\/6"}],"replies":[{"embeddable":true,"href":"https:\/\/horus-aesthetics.com\/dein-kosmetikstudio-in-schaffhausen\/wp-json\/wp\/v2\/comments?post=1352"}],"version-history":[{"count":643,"href":"https:\/\/horus-aesthetics.com\/dein-kosmetikstudio-in-schaffhausen\/wp-json\/wp\/v2\/pages\/1352\/revisions"}],"predecessor-version":[{"id":11414,"href":"https:\/\/horus-aesthetics.com\/dein-kosmetikstudio-in-schaffhausen\/wp-json\/wp\/v2\/pages\/1352\/revisions\/11414"}],"wp:attachment":[{"href":"https:\/\/horus-aesthetics.com\/dein-kosmetikstudio-in-schaffhausen\/wp-json\/wp\/v2\/media?parent=1352"}],"curies":[{"name":"wp","href":"https:\/\/api.w.org\/{rel}","templated":true}]}}