{"id":11315,"date":"2025-09-11T10:06:54","date_gmt":"2025-09-11T10:06:54","guid":{"rendered":"https:\/\/horus-aesthetics.com\/dein-kosmetikstudio-in-schaffhausen\/?page_id=11315"},"modified":"2025-10-27T13:51:53","modified_gmt":"2025-10-27T13:51:53","slug":"brautstyling","status":"publish","type":"page","link":"https:\/\/horus-aesthetics.com\/dein-kosmetikstudio-in-schaffhausen\/brautstyling\/","title":{"rendered":"Brautstyling"},"content":{"rendered":"<section class=\"l-section wpb_row height_custom color_primary with_img parallax_hor bgwidth_110 with_overlay\"><div class=\"l-section-img\" style=\"background-image: url(https:\/\/horus-aesthetics.com\/wp-content\/uploads\/2020\/10\/Banner-Home.jpg);background-repeat: no-repeat;\" data-img-width=\"2100\" data-img-height=\"1000\"><\/div><div class=\"l-section-overlay\" style=\"background: rgba(2,2,2,0.67)\"><\/div><div class=\"l-section-h i-cf\"><div class=\"g-cols vc_row type_default valign_top gap-70px\"><style>.g-cols.gap-70px{margin:0 calc(-1.5rem - 70px)}.gap-70px > .vc_column_container {padding:70px}<\/style><div class=\"vc_col-sm-12 wpb_column vc_column_container\"><div class=\"vc_column-inner\"><div class=\"wpb_wrapper\"><div class=\"wpb_text_column\" ><div class=\"wpb_wrapper\"><h1 style=\"text-align: center;\">BRAUTSTYLING<\/h1>\n<\/div><\/div><div class=\"w-separator size_small\"><\/div><div class=\"w-separator size_small\"><\/div><\/div><\/div><\/div><\/div><\/div><\/section><section class=\"l-section wpb_row height_custom\"><div class=\"l-section-h i-cf\"><div class=\"g-cols vc_row type_default valign_middle\"><div class=\"vc_col-sm-6 wpb_column vc_column_container animate_afb\" style=\"animation-delay:0.5s\"><div class=\"vc_column-inner\"><div class=\"wpb_wrapper\"><div class=\"wpb_text_column\" ><div class=\"wpb_wrapper\"><h2 data-start=\"318\" data-end=\"390\">Brautstyling \u2013 F\u00fcr deinen unvergesslichen Tag<\/h2>\n<p data-start=\"392\" data-end=\"715\">An deinem Hochzeitstag soll alles perfekt sein \u2013 vor allem dein Look. Ich biete dir ein exklusives Brautstyling, das deine nat\u00fcrliche Sch\u00f6nheit unterstreicht und dich strahlen l\u00e4sst. Ob klassisch, modern oder romantisch \u2013 wir kreieren einen Look, der genau zu dir, deinem Kleid und dem Stil deiner Hochzeit passt.<\/p>\n<h3 data-start=\"717\" data-end=\"759\">Dein Styling \u2013 so individuell wie du<\/h3>\n<p data-start=\"761\" data-end=\"1067\">Jede Braut ist einzigartig \u2013 und genauso individuell gestalte ich dein Braut-Make-up. In einem pers\u00f6nlichen Probetermin finden wir gemeinsam heraus, was zu dir passt. Dabei ber\u00fccksichtige ich deine W\u00fcnsche, deine Gesichtsform, deinen Hautton und nat\u00fcrlich die Details deiner Hochzeit.<\/p>\n<h3 data-start=\"761\" data-end=\"1067\">Mobil in der ganzen Schweiz<\/h3>\n<p data-start=\"1105\" data-end=\"1346\">Ich komme dorthin, wo du mich brauchst \u2013 ob zuhause, im Hotel oder direkt zur Hochzeitslocation. Mit meinem mobilen Service bist du entspannt und kannst deinen Tag in vollen Z\u00fcgen geniessen, w\u00e4hrend ich mich um dein perfektes Styling k\u00fcmmere. Je nach Ort, werden die Fahrtkosten separat berechnet.<\/p>\n<h3 data-start=\"1348\" data-end=\"1390\">Professionelle Produkte &amp; Techniken<\/h3>\n<p data-start=\"1392\" data-end=\"1639\">Ich arbeite ausschliesslich mit hochwertigen, langanhaltenden Produkten, die f\u00fcr Fotos, Video und den ganzen Tag geeignet sind.<\/p>\n<p data-start=\"1392\" data-end=\"1639\">Termine f\u00fcr ein Brautstyling kannst du gerne per E-Mail an <a class=\"cursor-pointer\" rel=\"noopener\" data-start=\"616\" data-end=\"675\">horus-aesthetics@hotmail.com<\/a> oder via Whatsapp an 079 842 34 50 anfragen.<\/p>\n<\/div><\/div><\/div><\/div><\/div><div class=\"vc_col-sm-6 wpb_column vc_column_container\"><div class=\"vc_column-inner\"><div class=\"wpb_wrapper\"><div class=\"w-image style_shadow-1 align_none animate_afb\" style=\"animation-delay:0.9s\"><div class=\"w-image-h\"><img loading=\"lazy\" decoding=\"async\" width=\"769\" height=\"1024\" src=\"data:image\/svg+xml,%3Csvg xmlns=%22http:\/\/www.w3.org\/2000\/svg%22 viewBox=%220 0 769 1024%22%3E%3C\/svg%3E\" data-lazy-type=\"image\" data-src=\"https:\/\/horus-aesthetics.com\/wp-content\/uploads\/2025\/09\/Make-Up-2-769x1024.jpg\" class=\"lazy lazy-hidden attachment-large size-large\" alt=\"\" srcset=\"\" data-srcset=\"https:\/\/horus-aesthetics.com\/wp-content\/uploads\/2025\/09\/Make-Up-2-769x1024.jpg 769w, https:\/\/horus-aesthetics.com\/wp-content\/uploads\/2025\/09\/Make-Up-2-225x300.jpg 225w, https:\/\/horus-aesthetics.com\/wp-content\/uploads\/2025\/09\/Make-Up-2-451x600.jpg 451w, https:\/\/horus-aesthetics.com\/wp-content\/uploads\/2025\/09\/Make-Up-2.jpg 1920w\" sizes=\"auto, (max-width: 769px) 100vw, 769px\" \/><\/div><\/div><\/div><\/div><\/div><\/div><\/div><\/section><section class=\"l-section wpb_row us_custom_b590379a height_medium color_alternate\"><div class=\"l-section-h i-cf\"><div class=\"g-cols vc_row type_default valign_middle\"><div class=\"vc_col-sm-6 wpb_column vc_column_container animate_fade\" style=\"animation-delay:0.4s\"><div class=\"vc_column-inner\"><div class=\"wpb_wrapper\"><div class=\"w-iconbox iconpos_left style_circle color_custom align_left\"><div class=\"w-iconbox-icon\" style=\"box-shadow:0 0 0 2px linear-gradient(90deg,#000000,#2b2a2b) inset;background:linear-gradient(90deg,#000000,#2b2a2b);color:#ffffff;\"><i class=\"fad fa-user-clock\"><\/i><\/div><div class=\"w-iconbox-meta\"><h4 class=\"w-iconbox-title\">Behandlungsdauer:<\/h4><div class=\"w-iconbox-text\"><p>2 Stunden<\/p>\n<\/div><\/div><\/div><\/div><\/div><\/div><div class=\"vc_col-sm-6 wpb_column vc_column_container animate_fade\" style=\"animation-delay:0.8s\"><div class=\"vc_column-inner\"><div class=\"wpb_wrapper\"><div class=\"w-btn-wrapper width_auto align_right\"><a class=\"w-btn us-btn-style_1 icon_atleft\" target=\"_blank\" href=\"https:\/\/app.acuityscheduling.com\/schedule.php?owner=21065660\" rel=\"noopener\"><i class=\"fas fa-calendar-alt\"><\/i><span class=\"w-btn-label\">Terminanfrage<\/span><\/a><\/div><div class=\"w-btn-wrapper width_auto align_right\"><a class=\"w-btn us-btn-style_1 icon_atleft\" href=\"\/preise\"><i class=\"fas fa-stars\"><\/i><span class=\"w-btn-label\">Preise<\/span><\/a><\/div><\/div><\/div><\/div><\/div><\/div><\/section><section class=\"l-section wpb_row height_custom\"><div class=\"l-section-h i-cf\"><div class=\"g-cols vc_row type_default valign_middle\"><div class=\"vc_col-sm-6 wpb_column vc_column_container animate_afb\" style=\"animation-delay:0.5s\"><div class=\"vc_column-inner\"><div class=\"wpb_wrapper\"><div class=\"wpb_text_column\" ><div class=\"wpb_wrapper\"><h3 data-start=\"150\" data-end=\"203\"><strong data-start=\"157\" data-end=\"203\">Event Make-up<\/strong><\/h3>\n<p data-start=\"205\" data-end=\"503\">Ob Gala, Firmenanlass, Fotoshooting oder ein besonderer Abend \u2013 ich sorge daf\u00fcr, dass dein Make-up perfekt zu dir, deinem Outfit und dem Anlass passt.<br data-start=\"355\" data-end=\"358\" \/>Mit hochwertigen Produkten und einem Gesp\u00fcr f\u00fcr Stil und Ausdruck bringe ich deine nat\u00fcrliche Sch\u00f6nheit zum Strahlen \u2013 ganz nach deinen W\u00fcnschen.<\/p>\n<p data-start=\"205\" data-end=\"503\">Deinen Event-Make-up-Termin kannst du ganz bequem online buchen.<\/p>\n<\/div><\/div><\/div><\/div><\/div><div class=\"vc_col-sm-6 wpb_column vc_column_container\"><div class=\"vc_column-inner\"><div class=\"wpb_wrapper\"><\/div><\/div><\/div><\/div><\/div><\/section><section class=\"l-section wpb_row us_custom_b590379a height_medium color_alternate\"><div class=\"l-section-h i-cf\"><div class=\"g-cols vc_row type_default valign_middle\"><div class=\"vc_col-sm-6 wpb_column vc_column_container animate_fade\" style=\"animation-delay:0.4s\"><div class=\"vc_column-inner\"><div class=\"wpb_wrapper\"><div class=\"w-iconbox iconpos_left style_circle color_custom align_left\"><div class=\"w-iconbox-icon\" style=\"box-shadow:0 0 0 2px linear-gradient(90deg,#000000,#2b2a2b) inset;background:linear-gradient(90deg,#000000,#2b2a2b);color:#ffffff;\"><i class=\"fad fa-user-clock\"><\/i><\/div><div class=\"w-iconbox-meta\"><h4 class=\"w-iconbox-title\">Behandlungsdauer:<\/h4><div class=\"w-iconbox-text\"><p>1.5 Stunden<\/p>\n<\/div><\/div><\/div><\/div><\/div><\/div><div class=\"vc_col-sm-6 wpb_column vc_column_container animate_fade\" style=\"animation-delay:0.8s\"><div class=\"vc_column-inner\"><div class=\"wpb_wrapper\"><div class=\"w-btn-wrapper width_auto align_right\"><a class=\"w-btn us-btn-style_1 icon_atleft\" target=\"_blank\" href=\"https:\/\/app.acuityscheduling.com\/schedule.php?owner=21065660\" rel=\"noopener\"><i class=\"fas fa-calendar-alt\"><\/i><span class=\"w-btn-label\">Terminanfrage<\/span><\/a><\/div><div class=\"w-btn-wrapper width_auto align_right\"><a class=\"w-btn us-btn-style_1 icon_atleft\" href=\"\/preise\"><i class=\"fas fa-stars\"><\/i><span class=\"w-btn-label\">Preise<\/span><\/a><\/div><\/div><\/div><\/div><\/div><\/div><\/section><section class=\"l-section wpb_row height_custom\"><div class=\"l-section-h i-cf\"><div class=\"g-cols vc_row type_default valign_top\"><div class=\"vc_col-sm-12 wpb_column vc_column_container\"><div class=\"vc_column-inner\"><div class=\"wpb_wrapper\"><div class=\"w-slider style_none fit_scaledown\"><div class=\"w-slider-h\"><div class=\"royalSlider\"><div class=\"rsContent\"><a class=\"rsImg\" data-rsw=\"524\" data-rsh=\"600\" href=\"https:\/\/horus-aesthetics.com\/wp-content\/uploads\/2025\/09\/Brautstyling_1-524x600.jpg\"><span data-alt=\"\"><\/span><\/a><\/div><div class=\"rsContent\"><a class=\"rsImg\" data-rsw=\"440\" data-rsh=\"600\" href=\"https:\/\/horus-aesthetics.com\/wp-content\/uploads\/2025\/09\/thumbnail_IMG_3233-440x600.jpg\"><span data-alt=\"\"><\/span><\/a><\/div><div class=\"rsContent\"><a class=\"rsImg\" data-rsw=\"600\" data-rsh=\"600\" href=\"https:\/\/horus-aesthetics.com\/wp-content\/uploads\/2025\/09\/thumbnail_D764F862-6AFA-49E6-B03C-D2EF97D57690-600x600.jpg\"><span data-alt=\"\"><\/span><\/a><\/div><div class=\"rsContent\"><a class=\"rsImg\" data-rsw=\"474\" data-rsh=\"600\" href=\"https:\/\/horus-aesthetics.com\/wp-content\/uploads\/2025\/09\/Brautstyling_2-474x600.jpg\"><span data-alt=\"\"><\/span><\/a><\/div><div class=\"rsContent\"><a class=\"rsImg\" data-rsw=\"450\" data-rsh=\"600\" href=\"https:\/\/horus-aesthetics.com\/wp-content\/uploads\/2025\/07\/IMG_1956-450x600.jpeg\"><span data-alt=\"\"><\/span><\/a><\/div><div class=\"rsContent\"><a class=\"rsImg\" data-rsw=\"450\" data-rsh=\"600\" href=\"https:\/\/horus-aesthetics.com\/wp-content\/uploads\/2025\/07\/thumbnail_IMG_2086-450x600.jpg\"><span data-alt=\"\"><\/span><\/a><\/div><div class=\"rsContent\"><a class=\"rsImg\" data-rsw=\"450\" data-rsh=\"600\" href=\"https:\/\/horus-aesthetics.com\/wp-content\/uploads\/2025\/10\/thumbnail_IMG_4184-450x600.jpg\"><span data-alt=\"\"><\/span><\/a><\/div><\/div><img class=\"lazy lazy-hidden\" loading=\"lazy\" decoding=\"async\" src=\"data:image\/svg+xml,%3Csvg xmlns=%22http:\/\/www.w3.org\/2000\/svg%22 viewBox=%220 0 524 600%22%3E%3C\/svg%3E\" data-lazy-type=\"image\" data-src=\"https:\/\/horus-aesthetics.com\/wp-content\/uploads\/2025\/09\/Brautstyling_1-524x600.jpg\" width=\"524\" height=\"600\" alt><\/div><div class=\"w-slider-json\" onclick='return {&quot;loop&quot;:true,&quot;fadeInLoadedSlide&quot;:false,&quot;slidesSpacing&quot;:0,&quot;imageScalePadding&quot;:0,&quot;numImagesToPreload&quot;:2,&quot;arrowsNav&quot;:true,&quot;arrowsNavAutoHide&quot;:false,&quot;transitionType&quot;:&quot;move&quot;,&quot;transitionSpeed&quot;:300,&quot;block&quot;:{&quot;moveEffect&quot;:&quot;none&quot;,&quot;speed&quot;:300},&quot;controlNavigation&quot;:&quot;none&quot;,&quot;imageScaleMode&quot;:&quot;fit-if-smaller&quot;,&quot;autoScaleSlider&quot;:true,&quot;autoScaleSliderWidth&quot;:524,&quot;autoScaleSliderHeight&quot;:600,&quot;fitInViewport&quot;:false}'><\/div><\/div><\/div><\/div><\/div><\/div><\/div><\/section>\n","protected":false},"excerpt":{"rendered":"BRAUTSTYLING Brautstyling \u2013 F\u00fcr deinen unvergesslichen Tag An deinem Hochzeitstag soll alles perfekt sein \u2013 vor allem dein Look. Ich biete dir ein exklusives Brautstyling, das deine nat\u00fcrliche Sch\u00f6nheit unterstreicht und dich strahlen l\u00e4sst. Ob klassisch, modern oder romantisch \u2013 wir kreieren einen Look, der genau zu dir, deinem Kleid und dem Stil deiner Hochzeit...","protected":false},"author":6,"featured_media":0,"parent":0,"menu_order":0,"comment_status":"closed","ping_status":"closed","template":"","meta":{"_acf_changed":false,"footnotes":""},"class_list":["post-11315","page","type-page","status-publish","hentry"],"acf":[],"aioseo_notices":[],"_links":{"self":[{"href":"https:\/\/horus-aesthetics.com\/dein-kosmetikstudio-in-schaffhausen\/wp-json\/wp\/v2\/pages\/11315","targetHints":{"allow":["GET"]}}],"collection":[{"href":"https:\/\/horus-aesthetics.com\/dein-kosmetikstudio-in-schaffhausen\/wp-json\/wp\/v2\/pages"}],"about":[{"href":"https:\/\/horus-aesthetics.com\/dein-kosmetikstudio-in-schaffhausen\/wp-json\/wp\/v2\/types\/page"}],"author":[{"embeddable":true,"href":"https:\/\/horus-aesthetics.com\/dein-kosmetikstudio-in-schaffhausen\/wp-json\/wp\/v2\/users\/6"}],"replies":[{"embeddable":true,"href":"https:\/\/horus-aesthetics.com\/dein-kosmetikstudio-in-schaffhausen\/wp-json\/wp\/v2\/comments?post=11315"}],"version-history":[{"count":18,"href":"https:\/\/horus-aesthetics.com\/dein-kosmetikstudio-in-schaffhausen\/wp-json\/wp\/v2\/pages\/11315\/revisions"}],"predecessor-version":[{"id":11378,"href":"https:\/\/horus-aesthetics.com\/dein-kosmetikstudio-in-schaffhausen\/wp-json\/wp\/v2\/pages\/11315\/revisions\/11378"}],"wp:attachment":[{"href":"https:\/\/horus-aesthetics.com\/dein-kosmetikstudio-in-schaffhausen\/wp-json\/wp\/v2\/media?parent=11315"}],"curies":[{"name":"wp","href":"https:\/\/api.w.org\/{rel}","templated":true}]}}